{"id":906,"date":"2022-04-18T21:55:34","date_gmt":"2022-04-18T21:55:34","guid":{"rendered":"https:\/\/fulgertransport.com\/politique-de-confidentialite\/"},"modified":"2022-09-06T13:53:01","modified_gmt":"2022-09-06T13:53:01","slug":"politique-de-confidentialite","status":"publish","type":"page","link":"https:\/\/fulgertransport.com\/fr\/politique-de-confidentialite\/","title":{"rendered":"Politique de confidentialit\u00e9"},"content":{"rendered":"<p>[et_pb_section fb_built=\u00a0\u00bb1&Prime; custom_padding_last_edited=\u00a0\u00bbon|phone\u00a0\u00bb _builder_version=\u00a0\u00bb4.16&Prime; _module_preset=\u00a0\u00bbdefault\u00a0\u00bb background_image=\u00a0\u00bbhttps:\/\/fulgertransport.com\/wp-content\/uploads\/2021\/11\/about-banner.jpg\u00a0\u00bb custom_margin=\u00a0\u00bb-105px||||false|false\u00a0\u00bb custom_padding=\u00a0\u00bb235px||170px|||\u00a0\u00bb custom_padding_tablet=\u00a0\u00bb150px||100px||false|false\u00a0\u00bb custom_padding_phone=\u00a0\u00bb145px||75px||false|false\u00a0\u00bb da_disable_devices=\u00a0\u00bboff|off|off\u00a0\u00bb global_colors_info=\u00a0\u00bb{}\u00a0\u00bb locked=\u00a0\u00bboff\u00a0\u00bb da_is_popup=\u00a0\u00bboff\u00a0\u00bb da_exit_intent=\u00a0\u00bboff\u00a0\u00bb da_has_close=\u00a0\u00bbon\u00a0\u00bb da_alt_close=\u00a0\u00bboff\u00a0\u00bb da_dark_close=\u00a0\u00bboff\u00a0\u00bb da_not_modal=\u00a0\u00bbon\u00a0\u00bb da_is_singular=\u00a0\u00bboff\u00a0\u00bb da_with_loader=\u00a0\u00bboff\u00a0\u00bb da_has_shadow=\u00a0\u00bbon\u00a0\u00bb][et_pb_row _builder_version=\u00a0\u00bb4.16&Prime; _module_preset=\u00a0\u00bbdefault\u00a0\u00bb custom_padding=\u00a0\u00bb0px||0px||true|\u00a0\u00bb global_colors_info=\u00a0\u00bb{}\u00a0\u00bb][et_pb_column type=\u00a0\u00bb4_4&Prime; _builder_version=\u00a0\u00bb4.16&Prime; _module_preset=\u00a0\u00bbdefault\u00a0\u00bb global_colors_info=\u00a0\u00bb{}\u00a0\u00bb][et_pb_text _builder_version=\u00a0\u00bb4.17.0&Prime; _module_preset=\u00a0\u00bbdefault\u00a0\u00bb header_font=\u00a0\u00bb|700||on|||||\u00a0\u00bb header_text_align=\u00a0\u00bbcenter\u00a0\u00bb header_text_color=\u00a0\u00bb#FFFFFF\u00a0\u00bb header_font_size=\u00a0\u00bb70px\u00a0\u00bb custom_margin=\u00a0\u00bb||10px||false|false\u00a0\u00bb hover_enabled=\u00a0\u00bb0&Prime; header_font_size_tablet=\u00a0\u00bb45px\u00a0\u00bb header_font_size_phone=\u00a0\u00bb32px\u00a0\u00bb header_font_size_last_edited=\u00a0\u00bbon|phone\u00a0\u00bb global_colors_info=\u00a0\u00bb{}\u00a0\u00bb sticky_enabled=\u00a0\u00bb0&Prime;]<\/p>\n<h1>Politique de confidentialit\u00e9<\/h1>\n<p>[\/et_pb_text][\/et_pb_column][\/et_pb_row][\/et_pb_section][et_pb_section fb_built=\u00a0\u00bb1&Prime; admin_label=\u00a0\u00bbsection\u00a0\u00bb _builder_version=\u00a0\u00bb4.17.0&Prime; background_enable_color=\u00a0\u00bboff\u00a0\u00bb da_disable_devices=\u00a0\u00bboff|off|off\u00a0\u00bb global_colors_info=\u00a0\u00bb{}\u00a0\u00bb da_is_popup=\u00a0\u00bboff\u00a0\u00bb da_exit_intent=\u00a0\u00bboff\u00a0\u00bb da_has_close=\u00a0\u00bbon\u00a0\u00bb da_alt_close=\u00a0\u00bboff\u00a0\u00bb da_dark_close=\u00a0\u00bboff\u00a0\u00bb da_not_modal=\u00a0\u00bbon\u00a0\u00bb da_is_singular=\u00a0\u00bboff\u00a0\u00bb da_with_loader=\u00a0\u00bboff\u00a0\u00bb da_has_shadow=\u00a0\u00bbon\u00a0\u00bb][et_pb_row admin_label=\u00a0\u00bbrow\u00a0\u00bb _builder_version=\u00a0\u00bb4.16&Prime; background_size=\u00a0\u00bbinitial\u00a0\u00bb background_position=\u00a0\u00bbtop_left\u00a0\u00bb background_repeat=\u00a0\u00bbrepeat\u00a0\u00bb global_colors_info=\u00a0\u00bb{}\u00a0\u00bb][et_pb_column type=\u00a0\u00bb4_4&Prime; _builder_version=\u00a0\u00bb4.16&Prime; custom_padding=\u00a0\u00bb|||\u00a0\u00bb global_colors_info=\u00a0\u00bb{}\u00a0\u00bb custom_padding__hover=\u00a0\u00bb|||\u00a0\u00bb][et_pb_text admin_label=\u00a0\u00bbText\u00a0\u00bb _builder_version=\u00a0\u00bb4.17.0&Prime; link_text_color=\u00a0\u00bb#176FDC\u00a0\u00bb background_size=\u00a0\u00bbinitial\u00a0\u00bb background_position=\u00a0\u00bbtop_left\u00a0\u00bb background_repeat=\u00a0\u00bbrepeat\u00a0\u00bb global_colors_info=\u00a0\u00bb{}\u00a0\u00bb]<\/p>\n<p>Le respect de votre vie priv\u00e9e est important pour nous. La politique de Fulger Transport est \u00e9tablie de mani\u00e8re \u00e0 respecter votre vie priv\u00e9e concernant toute information que nous pouvons recueillir aupr\u00e8s de vous sur notre site Web, <a href=\"https:\/\/fulgertransport.com\/fr\/\" target=\"_blank\" rel=\"noopener\" data-saferedirecturl=\"https:\/\/www.google.com\/url?q=https:\/\/fulgertransport.com&amp;source=gmail&amp;ust=1636640065153000&amp;usg=AFQjCNG5FzTGUpQRqQyfvnVEsw9xYAyuMQ\">fulgertransport.com<\/a> et notre application mobile.<\/p>\n<p>Nous demandons des informations personnelles uniquement lorsque nous en avons vraiment besoin pour vous fournir un service. Nous les collectons de mani\u00e8re loyale et licite, avec votre consentement et en toute connaissance de cause. Nous vous expliquons \u00e9galement pourquoi nous les collectons et comment celles-ci seront utilis\u00e9es.<\/p>\n<p>Nous ne conservons les donn\u00e9es collect\u00e9es que le temps de vous fournir le service souhait\u00e9. Les donn\u00e9es que nous stockons sont prot\u00e9g\u00e9es par des moyens commercialement acceptables pour pr\u00e9venir la perte et le vol, ainsi que l&rsquo;acc\u00e8s, la divulgation, le plagiat, l&rsquo;utilisation ou la modification non autoris\u00e9s.<\/p>\n<p>Nous ne partageons aucune information d&rsquo;identification personnelle publiquement ou avec des tiers, sauf lorsque la loi l&rsquo;exige.<\/p>\n<p>Vous \u00eates libre de refuser notre demande de collecte d&rsquo;informations personnelles, cependant, sans celles-ci, nous ne serons pas en mesure de vous fournir certains des services souhait\u00e9s.<\/p>\n<p>L&rsquo;utilisation de notre site Web et de notre application mobile sera consid\u00e9r\u00e9e comme une acceptation de nos politiques en mati\u00e8re de confidentialit\u00e9 et de collecte d&rsquo;informations personnelles. Si vous avez des questions sur la mani\u00e8re dont nous traitons les donn\u00e9es des utilisateurs et les informations personnelles, n&rsquo;h\u00e9sitez pas \u00e0 nous contacter.<\/p>\n<p>Cette politique est effective \u00e0 compter du 1er janvier 2021.<\/p>\n<p>[\/et_pb_text][\/et_pb_column][\/et_pb_row][\/et_pb_section]<\/p>\n","protected":false},"excerpt":{"rendered":"<p>Politique de confidentialit\u00e9Le respect de votre vie priv\u00e9e est important pour nous. La politique de Fulger Transport est \u00e9tablie de mani\u00e8re \u00e0 respecter votre vie priv\u00e9e concernant toute information que nous pouvons recueillir aupr\u00e8s de vous sur notre site Web, fulgertransport.com et notre application mobile. Nous demandons des informations personnelles uniquement lorsque nous en avons [&hellip;]<\/p>\n","protected":false},"author":1,"featured_media":0,"parent":0,"menu_order":0,"comment_status":"closed","ping_status":"closed","template":"","meta":{"_et_pb_use_builder":"on","_et_pb_old_content":"","_et_gb_content_width":"","footnotes":""},"class_list":["post-906","page","type-page","status-publish","hentry"],"yoast_head":"<!-- This site is optimized with the Yoast SEO plugin v25.6 - https:\/\/yoast.com\/wordpress\/plugins\/seo\/ -->\n<title>Politique de confidentialit\u00e9 - Fulger Transport<\/title>\n<meta name=\"robots\" content=\"index, follow, max-snippet:-1, max-image-preview:large, max-video-preview:-1\" \/>\n<link rel=\"canonical\" href=\"https:\/\/fulgertransport.com\/fr\/politique-de-confidentialite\/\" \/>\n<meta property=\"og:locale\" content=\"fr_FR\" \/>\n<meta property=\"og:type\" content=\"article\" \/>\n<meta property=\"og:title\" content=\"Politique de confidentialit\u00e9 - Fulger Transport\" \/>\n<meta property=\"og:description\" content=\"Politique de confidentialit\u00e9Le respect de votre vie priv\u00e9e est important pour nous. La politique de Fulger Transport est \u00e9tablie de mani\u00e8re \u00e0 respecter votre vie priv\u00e9e concernant toute information que nous pouvons recueillir aupr\u00e8s de vous sur notre site Web, fulgertransport.com et notre application mobile. Nous demandons des informations personnelles uniquement lorsque nous en avons [&hellip;]\" \/>\n<meta property=\"og:url\" content=\"https:\/\/fulgertransport.com\/fr\/politique-de-confidentialite\/\" \/>\n<meta property=\"og:site_name\" content=\"Fulger Transport\" \/>\n<meta property=\"article:modified_time\" content=\"2022-09-06T13:53:01+00:00\" \/>\n<meta name=\"twitter:card\" content=\"summary_large_image\" \/>\n<meta name=\"twitter:label1\" content=\"Dur\u00e9e de lecture estim\u00e9e\" \/>\n\t<meta name=\"twitter:data1\" content=\"3 minutes\" \/>\n<script type=\"application\/ld+json\" class=\"yoast-schema-graph\">{\"@context\":\"https:\/\/schema.org\",\"@graph\":[{\"@type\":\"WebPage\",\"@id\":\"https:\/\/fulgertransport.com\/fr\/politique-de-confidentialite\/\",\"url\":\"https:\/\/fulgertransport.com\/fr\/politique-de-confidentialite\/\",\"name\":\"Politique de confidentialit\u00e9 - Fulger Transport\",\"isPartOf\":{\"@id\":\"https:\/\/fulgertransport.com\/#website\"},\"datePublished\":\"2022-04-18T21:55:34+00:00\",\"dateModified\":\"2022-09-06T13:53:01+00:00\",\"breadcrumb\":{\"@id\":\"https:\/\/fulgertransport.com\/fr\/politique-de-confidentialite\/#breadcrumb\"},\"inLanguage\":\"fr-FR\",\"potentialAction\":[{\"@type\":\"ReadAction\",\"target\":[\"https:\/\/fulgertransport.com\/fr\/politique-de-confidentialite\/\"]}]},{\"@type\":\"BreadcrumbList\",\"@id\":\"https:\/\/fulgertransport.com\/fr\/politique-de-confidentialite\/#breadcrumb\",\"itemListElement\":[{\"@type\":\"ListItem\",\"position\":1,\"name\":\"Home\",\"item\":\"https:\/\/fulgertransport.com\/\"},{\"@type\":\"ListItem\",\"position\":2,\"name\":\"Politique de confidentialit\u00e9\"}]},{\"@type\":\"WebSite\",\"@id\":\"https:\/\/fulgertransport.com\/#website\",\"url\":\"https:\/\/fulgertransport.com\/\",\"name\":\"Fulger Transport\",\"description\":\"Fulger Transport\",\"potentialAction\":[{\"@type\":\"SearchAction\",\"target\":{\"@type\":\"EntryPoint\",\"urlTemplate\":\"https:\/\/fulgertransport.com\/?s={search_term_string}\"},\"query-input\":{\"@type\":\"PropertyValueSpecification\",\"valueRequired\":true,\"valueName\":\"search_term_string\"}}],\"inLanguage\":\"fr-FR\"}]}<\/script>\n<!-- \/ Yoast SEO plugin. -->","yoast_head_json":{"title":"Politique de confidentialit\u00e9 - Fulger Transport","robots":{"index":"index","follow":"follow","max-snippet":"max-snippet:-1","max-image-preview":"max-image-preview:large","max-video-preview":"max-video-preview:-1"},"canonical":"https:\/\/fulgertransport.com\/fr\/politique-de-confidentialite\/","og_locale":"fr_FR","og_type":"article","og_title":"Politique de confidentialit\u00e9 - Fulger Transport","og_description":"Politique de confidentialit\u00e9Le respect de votre vie priv\u00e9e est important pour nous. La politique de Fulger Transport est \u00e9tablie de mani\u00e8re \u00e0 respecter votre vie priv\u00e9e concernant toute information que nous pouvons recueillir aupr\u00e8s de vous sur notre site Web, fulgertransport.com et notre application mobile. Nous demandons des informations personnelles uniquement lorsque nous en avons [&hellip;]","og_url":"https:\/\/fulgertransport.com\/fr\/politique-de-confidentialite\/","og_site_name":"Fulger Transport","article_modified_time":"2022-09-06T13:53:01+00:00","twitter_card":"summary_large_image","twitter_misc":{"Dur\u00e9e de lecture estim\u00e9e":"3 minutes"},"schema":{"@context":"https:\/\/schema.org","@graph":[{"@type":"WebPage","@id":"https:\/\/fulgertransport.com\/fr\/politique-de-confidentialite\/","url":"https:\/\/fulgertransport.com\/fr\/politique-de-confidentialite\/","name":"Politique de confidentialit\u00e9 - Fulger Transport","isPartOf":{"@id":"https:\/\/fulgertransport.com\/#website"},"datePublished":"2022-04-18T21:55:34+00:00","dateModified":"2022-09-06T13:53:01+00:00","breadcrumb":{"@id":"https:\/\/fulgertransport.com\/fr\/politique-de-confidentialite\/#breadcrumb"},"inLanguage":"fr-FR","potentialAction":[{"@type":"ReadAction","target":["https:\/\/fulgertransport.com\/fr\/politique-de-confidentialite\/"]}]},{"@type":"BreadcrumbList","@id":"https:\/\/fulgertransport.com\/fr\/politique-de-confidentialite\/#breadcrumb","itemListElement":[{"@type":"ListItem","position":1,"name":"Home","item":"https:\/\/fulgertransport.com\/"},{"@type":"ListItem","position":2,"name":"Politique de confidentialit\u00e9"}]},{"@type":"WebSite","@id":"https:\/\/fulgertransport.com\/#website","url":"https:\/\/fulgertransport.com\/","name":"Fulger Transport","description":"Fulger Transport","potentialAction":[{"@type":"SearchAction","target":{"@type":"EntryPoint","urlTemplate":"https:\/\/fulgertransport.com\/?s={search_term_string}"},"query-input":{"@type":"PropertyValueSpecification","valueRequired":true,"valueName":"search_term_string"}}],"inLanguage":"fr-FR"}]}},"_links":{"self":[{"href":"https:\/\/fulgertransport.com\/fr\/wp-json\/wp\/v2\/pages\/906","targetHints":{"allow":["GET"]}}],"collection":[{"href":"https:\/\/fulgertransport.com\/fr\/wp-json\/wp\/v2\/pages"}],"about":[{"href":"https:\/\/fulgertransport.com\/fr\/wp-json\/wp\/v2\/types\/page"}],"author":[{"embeddable":true,"href":"https:\/\/fulgertransport.com\/fr\/wp-json\/wp\/v2\/users\/1"}],"replies":[{"embeddable":true,"href":"https:\/\/fulgertransport.com\/fr\/wp-json\/wp\/v2\/comments?post=906"}],"version-history":[{"count":5,"href":"https:\/\/fulgertransport.com\/fr\/wp-json\/wp\/v2\/pages\/906\/revisions"}],"predecessor-version":[{"id":911,"href":"https:\/\/fulgertransport.com\/fr\/wp-json\/wp\/v2\/pages\/906\/revisions\/911"}],"wp:attachment":[{"href":"https:\/\/fulgertransport.com\/fr\/wp-json\/wp\/v2\/media?parent=906"}],"curies":[{"name":"wp","href":"https:\/\/api.w.org\/{rel}","templated":true}]}}